{"id":91,"date":"2025-09-08T14:06:26","date_gmt":"2025-09-08T12:06:26","guid":{"rendered":"https:\/\/www.kuir.pl\/?page_id=91"},"modified":"2026-04-15T08:49:22","modified_gmt":"2026-04-15T06:49:22","slug":"wa2m-gup-5-2025","status":"publish","type":"page","link":"https:\/\/www.kuir.pl\/?page_id=91","title":{"rendered":"nieruchomo\u015bci"},"content":{"rendered":"\n<p><\/p>\n\n\n\n<pre class=\"wp-block-preformatted\"><strong>25.05.2026 - godzina 09:00<\/strong><\/pre>\n\n\n\n<p><strong>Syndyk masy upad\u0142o\u015bci S\u0142awomira Wronkowskiego &#8211; osoby fizycznej nieprowadz\u0105cej dzia\u0142alno\u015bci gospodarczej &#8211; og\u0142asza przetarg <\/strong>na nabycie prawa w\u0142asno\u015bci udzia\u0142u 1\/6 cz\u0119\u015bci w nieruchomo\u015bci zabudowanej, po\u0142o\u017conej w m.st. Warszawa, dzielnicy Bielany przy ul. Trylogii 46, sk\u0142adaj\u0105ca si\u0119 z dzia\u0142ki ewidencyjnej nr 44 o powierzchni 891 m\u00b2 z obr\u0119bu 7-10-02 oraz budynku mieszkalnego, jednorodzinnego, parterowego, z mieszkalnym poddaszem, podpiwniczonego, murowanego, stawianego w latach 90-tych XX w. w zabudowie wolnostoj\u0105cej o powierzchni u\u017cytkowej 323,24 m\u00b2, w tym dwustanowiskowy gara\u017c<\/p>\n\n\n\n<p><a href=\"https:\/\/www.kuir.pl\/wp-content\/uploads\/2026\/04\/S.Wronkowski-Regulamin-i-warunki-drugiego-przetargu-przetargu-13012026.pdf\">Regulamin przetargu<\/a><\/p>\n\n\n\n<p><a href=\"https:\/\/www.kuir.pl\/wp-content\/uploads\/2025\/09\/Operat-W-WA-Bielany-ul.-Trylogii-46.pdf\">Operat szacunkowy<\/a><\/p>\n\n\n\n<pre class=\"wp-block-preformatted\"><strong>25.05.2026 - godzina 10:00<\/strong><\/pre>\n\n\n\n<p><strong>Syndyk masy upad\u0142o\u015bci Renaty Kr\u00f3l osoby fizycznej nieprowadz\u0105cej dzia\u0142alno\u015bci gospodarczej &#8211; og\u0142asza przetarg <\/strong>na nabycie prawa w\u0142asno\u015bci udzia\u0142u 1\/2 cz\u0119\u015bci nieruchomo\u015bci zabudowanej, po\u0142o\u017conej we wsi i gminie Celestyn\u00f3w, powiecie otwockim przy ul. Broniewskiego 16, woj. mazowieckim, sk\u0142adaj\u0105cej si\u0119 z dzia\u0142ki ewidencyjnej nr 747 powierzchni 1.049 m\u00b2 z obr\u0119bu 0001 oraz: budynku mieszkalnego, jednorodzinnego, pi\u0119trowego, nisko podpiwniczonego, z poddaszem do adaptacji, wolnostoj\u0105cego, stawianego w I po\u0142owie lat 70-tych XX w., o powierzchni u\u017cytkowej 160,2 m\u00b2 i budynku gospodarczego, wolnostoj\u0105cego o p.u. 69,7 m\u00b2.<\/p>\n\n\n\n<p><a href=\"https:\/\/www.kuir.pl\/wp-content\/uploads\/2026\/04\/R.Krol-Celestynow-Regulamin-i-warunki-drugiego-przetargu-25052026.pdf\">Regulamin przetargu<\/a><\/p>\n\n\n\n<p><a href=\"https:\/\/www.kuir.pl\/wp-content\/uploads\/2025\/11\/CELESTYNOW-ul.-Broniewskiego-16-zabud.-IX-25.pdf\">Operat szacunkowy<\/a><\/p>\n\n\n\n<pre class=\"wp-block-preformatted\"><strong>25.05.2026 - godzina 11:00<\/strong><\/pre>\n\n\n\n<p><strong>Syndyk masy upad\u0142o\u015bci Renaty Kr\u00f3l osoby fizycznej nieprowadz\u0105cej dzia\u0142alno\u015bci gospodarczej &#8211; og\u0142asza przetarg <\/strong>na nabycie prawa w\u0142asno\u015bci udzia\u0142u 3\/8 cz\u0119\u015bci zabudowanej nieruchomo\u015bci gruntowej, sk\u0142adaj\u0105cej si\u0119 z dzia\u0142ki ewidencyjnej oznaczonej nr 876 o powierzchni 800 m\u00b2 oraz: budynku mieszkalnego, parterowego, z cz\u0119\u015bciowo mieszkalnym poddaszem, o powierzchni u\u017cytkowej ok. 138,0 m\u00b2 i wolnostoj\u0105cych budynk\u00f3w gospodarczych o \u0142\u0105cznej p.u. ok. 51,0 m\u00b2. Nieruchomo\u015b\u0107 po\u0142o\u017cona jest we wsi Wola R\u0119bkowska, gminie Garwolin, powiecie garwoli\u0144skim, woj. mazowieckim, przy ul. Ogrodowej 19, obr\u0119bie 0025 Wola R\u0119bkowska.<\/p>\n\n\n\n<p><a href=\"https:\/\/www.kuir.pl\/wp-content\/uploads\/2026\/04\/R.Krol-Wola-Rebkowska-Regulamin-i-warunki-pierwszego-przetargu-25052026.pdf\">Regulamin przetargu<\/a><\/p>\n\n\n\n<p><a href=\"https:\/\/www.kuir.pl\/wp-content\/uploads\/2026\/04\/R.Krol-Wola-Rebkowska-ul.-Ogrodowa-19-styczen-2026.pdf\">Operat szacunkowy<\/a><\/p>\n\n\n\n<pre class=\"wp-block-preformatted\"><strong>25.05.2026 - godzina 12:00<\/strong><\/pre>\n\n\n\n<p><strong>Syndyk masy upad\u0142o\u015bci Damiana Aleksandrowicza osoby fizycznej nieprowadz\u0105cej dzia\u0142alno\u015bci gospodarczej \u2013 og\u0142asza przetarg <\/strong>na nabycie:<\/p>\n\n\n\n<ol style=\"list-style-type:lower-alpha\" class=\"wp-block-list\">\n<li>prawa w\u0142asno\u015bci udzia\u0142u 1\/36 cz\u0119\u015bci w niezabudowanej nieruchomo\u015bci gruntowej, sk\u0142adaj\u0105cej si\u0119 z dzia\u0142ki oznaczonej numerem ewidencyjnym 1072 o pow. 0,3121 ha<\/li>\n\n\n\n<li>prawa w\u0142asno\u015bci udzia\u0142u 1\/36 cz\u0119\u015bci w niezabudowanej nieruchomo\u015bci gruntowej, sk\u0142adaj\u0105cej si\u0119 z dzia\u0142ki oznaczonej numerem ewidencyjnym 1217 o pow. 3,0854 ha<\/li>\n\n\n\n<li>prawa w\u0142asno\u015bci udzia\u0142u 1\/24 cz\u0119\u015bci w niezabudowanej nieruchomo\u015bci gruntowej, sk\u0142adaj\u0105cej si\u0119 z dzia\u0142ek oznaczonych numerami ewidencyjnym: 954 (2,7806 ha), 145 (0,5853 ha), 184 (1,2876 ha) i 172\/1 (0,6059 ha) o \u0142\u0105cznej pow. 5,2594 ha<\/li>\n<\/ol>\n\n\n\n<p><a href=\"https:\/\/www.kuir.pl\/wp-content\/uploads\/2026\/04\/D.Aleksandrowicz-Regulamin-i-warunki-pierwszego-przetargu-25052026.pdf\">Regulamin przetargu<\/a><\/p>\n\n\n\n<p><a href=\"https:\/\/www.kuir.pl\/wp-content\/uploads\/2026\/04\/D.Aleksandrowicz-wycena-wartosci-rynkowej-prawa-wlasnosci-udzialow.pdf\">Operat szacunkowy<\/a><\/p>\n\n\n\n<pre class=\"wp-block-preformatted\"><strong>25.05.2026 - godzina 13:00<\/strong><\/pre>\n\n\n\n<p><strong>Syndyk masy upad\u0142o\u015bci Wioletty Kosteckiej osoby fizycznej nieprowadz\u0105cej dzia\u0142alno\u015bci gospodarczej &#8211; og\u0142asza przetarg <\/strong>na nabycie prawa w\u0142asno\u015bci udzia\u0142u 1\/3 cz\u0119\u015bci w sp\u00f3\u0142dzielczym w\u0142asno\u015bciowym prawie do lokalu mieszkalnego nr 28 o powierzchni u\u017cytkowej 57,2 m\u00b2, Budynek po\u0142o\u017cony jest w gminie miejskiej Mr\u0105gowo, powiecie mr\u0105gowskim, przy ul. os. Parkowe 15<\/p>\n\n\n\n<p><a href=\"https:\/\/www.kuir.pl\/wp-content\/uploads\/2026\/04\/W.Kostecka-Regulamin-i-warunki-pierwszego-przetargu-25052026.pdf\">Regulamin przetargu<\/a><\/p>\n\n\n\n<p><a href=\"https:\/\/www.kuir.pl\/wp-content\/uploads\/2026\/04\/W.Kostecka-wycena-lokal-Mragowo-os.-Parkowe-15-m-28.pdf\">Operat szacunkowy<\/a><\/p>\n\n\n\n<pre class=\"wp-block-preformatted\"><strong><strong>25.05.2026 - godzina 14:00<\/strong><\/strong><\/pre>\n\n\n\n<p><strong>Syndyk masy upad\u0142o\u015bci Joanny G\u00f3rki osoby fizycznej nieprowadz\u0105cej dzia\u0142alno\u015bci gospodarczej &#8211; og\u0142asza przetarg <\/strong>na nabycie:<\/p>\n\n\n\n<ol style=\"list-style-type:lower-alpha\" class=\"wp-block-list\">\n<li>prawa w\u0142asno\u015bci lokalu mieszkalnego nr 339 o powierzchni u\u017cytkowej 51,79 m\u00b2, sk\u0142adaj\u0105cego si\u0119 z przedpokoju, jednego pokoi, salonu z aneksem kuchennym, \u0142azienki i schowka, znajduj\u0105cy si\u0119 na 2 pi\u0119trze (3 kondygnacji), w budynku wielolokalowym, 10 klatkowym, 7-11-kondygnacyjnym. Nieruchomo\u015b\u0107 po\u0142o\u017cona jest w m.st. Warszawa, dzielnicy Wola, przy ul. Szulborskiej 3\/5, w obr\u0119bie 6-07-11, na os. Ulrych\u00f3w. Nieruchomo\u015b\u0107 uregulowana jest w ksi\u0119dze wieczystej KW Nr WA4M\/00423192\/8 w S\u0105dzie Rejonowym dla Warszawy-Mokotowa, X Wydzia\u0142 Ksi\u0105g Wieczystych.<\/li>\n\n\n\n<li>prawa w\u0142asno\u015bci lokalu niemieszkalnego \u2013 miejsca postojowego nr 163, tj. udzia\u0142 wynosz\u0105cy 1230\/518180 cz\u0119\u015bci w gara\u017cu podziemnym, stanowi\u0105cym odr\u0119bn\u0105 nieruchomo\u015b\u0107 lokalow\u0105 &#8211; gara\u017c o \u0142\u0105cznej powierzchni u\u017cytkowej 9.868,76 m\u00b2, obj\u0119ty Kw Nr WA4M\/00414990\/6.<\/li>\n<\/ol>\n\n\n\n<p><a href=\"https:\/\/www.kuir.pl\/wp-content\/uploads\/2026\/04\/J.Gorka-Regulamin-i-warunki-pierwszego-przetargu-25052026.pdf\">Regulamin przetargu<\/a><\/p>\n\n\n\n<p><a href=\"https:\/\/www.kuir.pl\/wp-content\/uploads\/2026\/04\/LOKAL-W-Wa-Wola-ul.-Szulborska-3-5-m-339-XI-25.pdf\">Operat szacunkowy lokalu mieszkalnego<\/a><\/p>\n\n\n\n<p><a href=\"https:\/\/www.kuir.pl\/wp-content\/uploads\/2026\/04\/LOKAL-W-Wa-Wola-ul.-Szulborska-3-5-miejsce-postojowe-XI-25.pdf\">Operat szacunkowy miejsca postojowego<\/a><\/p>\n\n\n\n<p><\/p>\n","protected":false},"excerpt":{"rendered":"<p>25.05.2026 &#8211; godzina 09:00 Syndyk masy upad\u0142o\u015bci S\u0142awomira Wronkowskiego &#8211; osoby fizycznej nieprowadz\u0105cej dzia\u0142alno\u015bci gospodarczej &#8211; og\u0142asza przetarg na nabycie prawa w\u0142asno\u015bci udzia\u0142u 1\/6 cz\u0119\u015bci w nieruchomo\u015bci zabudowanej, po\u0142o\u017conej w m.st. Warszawa, dzielnicy Bielany przy ul. Trylogii 46, sk\u0142adaj\u0105ca si\u0119 z dzia\u0142ki ewidencyjnej nr 44 o powierzchni 891 m\u00b2 z obr\u0119bu 7-10-02 oraz budynku mieszkalnego, &#8230; <a title=\"nieruchomo\u015bci\" class=\"read-more\" href=\"https:\/\/www.kuir.pl\/?page_id=91\" aria-label=\"Dowiedz si\u0119 wi\u0119cej o nieruchomo\u015bci\">Dowiedz si\u0119 wi\u0119cej<\/a><\/p>\n","protected":false},"author":1,"featured_media":0,"parent":0,"menu_order":0,"comment_status":"closed","ping_status":"closed","template":"","meta":{"footnotes":""},"class_list":["post-91","page","type-page","status-publish"],"_links":{"self":[{"href":"https:\/\/www.kuir.pl\/index.php?rest_route=\/wp\/v2\/pages\/91","targetHints":{"allow":["GET"]}}],"collection":[{"href":"https:\/\/www.kuir.pl\/index.php?rest_route=\/wp\/v2\/pages"}],"about":[{"href":"https:\/\/www.kuir.pl\/index.php?rest_route=\/wp\/v2\/types\/page"}],"author":[{"embeddable":true,"href":"https:\/\/www.kuir.pl\/index.php?rest_route=\/wp\/v2\/users\/1"}],"replies":[{"embeddable":true,"href":"https:\/\/www.kuir.pl\/index.php?rest_route=%2Fwp%2Fv2%2Fcomments&post=91"}],"version-history":[{"count":101,"href":"https:\/\/www.kuir.pl\/index.php?rest_route=\/wp\/v2\/pages\/91\/revisions"}],"predecessor-version":[{"id":512,"href":"https:\/\/www.kuir.pl\/index.php?rest_route=\/wp\/v2\/pages\/91\/revisions\/512"}],"wp:attachment":[{"href":"https:\/\/www.kuir.pl\/index.php?rest_route=%2Fwp%2Fv2%2Fmedia&parent=91"}],"curies":[{"name":"wp","href":"https:\/\/api.w.org\/{rel}","templated":true}]}}