{"id":6,"date":"2025-06-27T02:41:38","date_gmt":"2025-06-27T00:41:38","guid":{"rendered":"http:\/\/www.kuir.pl\/?page_id=6"},"modified":"2026-02-05T17:03:51","modified_gmt":"2026-02-05T16:03:51","slug":"strona-glowna","status":"publish","type":"page","link":"https:\/\/www.kuir.pl\/","title":{"rendered":"o kancelarii"},"content":{"rendered":"\n<div class=\"wp-block-group alignfull\" style=\"margin-top:0;margin-bottom:0\"><div class=\"wp-block-group__inner-container is-layout-flow wp-block-group-is-layout-flow\"><\/div><\/div>\n\n\n\n<p><strong>26 lat do\u015bwiadczenia w ratowaniu firm i pomocy d\u0142u\u017cnikom<\/strong><\/p>\n\n\n\n<p>Ratujemy przysz\u0142o\u015b\u0107 Twojej firmy. Uwalniamy od spirali zad\u0142u\u017cenia. W obliczu rekordowego wzrostu upad\u0142o\u015bci przedsi\u0119biorstw (o\u00a016% w 2023 r.) i restrukturyzacji (o\u00a087,7%), nasze 26-letnie do\u015bwiadczenie to Tw\u00f3j najwi\u0119kszy atut w walce z kryzysem. Specjalizujemy si\u0119 w kompleksowym doradztwie prawnym, kt\u00f3re pomaga odzyska\u0107 kontrol\u0119 nad finansami \u2013 zar\u00f3wno firmom, jak i osobom fizycznym.<\/p>\n\n\n\n<p><\/p>\n\n\n\n<p><strong>Dlaczego nasza Kancelaria? 26 lat zaufania w liczbach<\/strong><\/p>\n\n\n\n<ul class=\"wp-block-list\">\n<li>270+ prowadzonych spraw\u00a0\u2013 od upad\u0142o\u015bci konsumenckich po restrukturyzacje<\/li>\n\n\n\n<li>98% skuteczno\u015bci&nbsp;w zatwierdzaniu uk\u0142ad\u00f3w restrukturyzacyjnych \u2013 wobec \u015bredniej krajowej wynosz\u0105cej 88%.<\/li>\n\n\n\n<li>Zesp\u00f3\u0142 ekspert\u00f3w: doradc\u00f3w restrukturyzacyjnych, syndyk\u00f3w, prawnik\u00f3w, analityk\u00f3w finansowych, ksi\u0119gowych.<\/li>\n\n\n\n<li>Geograficzne pokrycie ca\u0142ej Polski.<\/li>\n\n\n\n<li>Lider \u2013 Wojciech Maku\u0107 &#8211; licencja kwalifikowanego doradcy restrukturyzacyjnego nr 37<\/li>\n<\/ul>\n\n\n\n<p><\/p>\n\n\n\n<p><strong>Kompleksowe us\u0142ugi \u2013 od analizy do realizacji<\/strong><\/p>\n\n\n\n<p>Restrukturyzacja przedsi\u0119biorstw<\/p>\n\n\n\n<ul class=\"wp-block-list\">\n<li>Dla kogo: Firmy zagro\u017cone niewyp\u0142acalno\u015bci\u0105, z problemami z p\u0142ynno\u015bci\u0105.<\/li>\n\n\n\n<li>Dzia\u0142ania: Wyb\u00f3r optymalnej procedury: post\u0119powanie uk\u0142adowe (88% przypadk\u00f3w), sanacyjne lub przyspieszone<\/li>\n\n\n\n<li>Negocjacje z wierzycielami i opracowanie plan\u00f3w sp\u0142aty (np. dla bran\u017cy handlowej, przemys\u0142owej i rolnictwa).<\/li>\n\n\n\n<li>Reprezentacja przed s\u0105dem (m.in. w post\u0119powaniach o zatwierdzenie uk\u0142adu).<\/li>\n<\/ul>\n\n\n\n<p>Upad\u0142o\u015b\u0107 przedsi\u0119biorstw<\/p>\n\n\n\n<ul class=\"wp-block-list\">\n<li>Dla kogo: Firmy wymagaj\u0105ce likwidacji maj\u0105tku (przemys\u0142, handel, budownictwo \u2013 29% upadk\u00f3w to firmy 20+ letnie!)<\/li>\n\n\n\n<li>Dzia\u0142ania: Przygotowanie wniosk\u00f3w do Krajowego Rejestru Zad\u0142u\u017conych.<\/li>\n\n\n\n<li>Obs\u0142uga prawna w post\u0119powaniu likwidacyjnym i upad\u0142o\u015bciowym (w tym tzw.&nbsp;pre-pack).<\/li>\n<\/ul>\n\n\n\n<p>Upad\u0142o\u015b\u0107 konsumencka<\/p>\n\n\n\n<ul class=\"wp-block-list\">\n<li>Dla kogo: Osoby fizyczne z d\u0142ugami przekraczaj\u0105cymi mo\u017cliwo\u015bci sp\u0142aty (w 2024 r. \u2013 rekordowe 21 187 spraw!)<\/li>\n\n\n\n<li>Dzia\u0142ania: Bezp\u0142atna analiza zad\u0142u\u017cenia.<\/li>\n\n\n\n<li>Pe\u0142ne prowadzenie sprawy \u2013 od wniosku po uwolnienie od d\u0142ug\u00f3w.<\/li>\n<\/ul>\n\n\n\n<p>Skontaktuj si\u0119 z nami \u2013 pierwsza konsultacja telefoniczna jest bezp\u0142atna!<\/p>\n\n\n\n<p><\/p>\n\n\n\n<p class=\"has-text-align-center\"><strong>Ratujemy firmy. Uwra\u017cliwiamy na ludzki wymiar d\u0142ugu.<\/strong><\/p>\n\n\n\n<p class=\"has-text-align-center\">\u00a9 Kancelaria Post\u0119powa\u0144 Upad\u0142o\u015bciowych i Restrukturyzacyjnych | 2000\u20132026<\/p>\n\n\n\n<p class=\"has-text-align-center\"><\/p>\n\n\n\n<p><\/p>\n","protected":false},"excerpt":{"rendered":"<p>26 lat do\u015bwiadczenia w ratowaniu firm i pomocy d\u0142u\u017cnikom Ratujemy przysz\u0142o\u015b\u0107 Twojej firmy. Uwalniamy od spirali zad\u0142u\u017cenia. W obliczu rekordowego wzrostu upad\u0142o\u015bci przedsi\u0119biorstw (o\u00a016% w 2023 r.) i restrukturyzacji (o\u00a087,7%), nasze 26-letnie do\u015bwiadczenie to Tw\u00f3j najwi\u0119kszy atut w walce z kryzysem. Specjalizujemy si\u0119 w kompleksowym doradztwie prawnym, kt\u00f3re pomaga odzyska\u0107 kontrol\u0119 nad finansami \u2013 zar\u00f3wno &#8230; <a title=\"o kancelarii\" class=\"read-more\" href=\"https:\/\/www.kuir.pl\/\" aria-label=\"Dowiedz si\u0119 wi\u0119cej o o kancelarii\">Dowiedz si\u0119 wi\u0119cej<\/a><\/p>\n","protected":false},"author":1,"featured_media":0,"parent":0,"menu_order":0,"comment_status":"closed","ping_status":"closed","template":"","meta":{"footnotes":""},"class_list":["post-6","page","type-page","status-publish"],"_links":{"self":[{"href":"https:\/\/www.kuir.pl\/index.php?rest_route=\/wp\/v2\/pages\/6","targetHints":{"allow":["GET"]}}],"collection":[{"href":"https:\/\/www.kuir.pl\/index.php?rest_route=\/wp\/v2\/pages"}],"about":[{"href":"https:\/\/www.kuir.pl\/index.php?rest_route=\/wp\/v2\/types\/page"}],"author":[{"embeddable":true,"href":"https:\/\/www.kuir.pl\/index.php?rest_route=\/wp\/v2\/users\/1"}],"replies":[{"embeddable":true,"href":"https:\/\/www.kuir.pl\/index.php?rest_route=%2Fwp%2Fv2%2Fcomments&post=6"}],"version-history":[{"count":9,"href":"https:\/\/www.kuir.pl\/index.php?rest_route=\/wp\/v2\/pages\/6\/revisions"}],"predecessor-version":[{"id":447,"href":"https:\/\/www.kuir.pl\/index.php?rest_route=\/wp\/v2\/pages\/6\/revisions\/447"}],"wp:attachment":[{"href":"https:\/\/www.kuir.pl\/index.php?rest_route=%2Fwp%2Fv2%2Fmedia&parent=6"}],"curies":[{"name":"wp","href":"https:\/\/api.w.org\/{rel}","templated":true}]}}