{"id":58,"date":"2025-08-26T01:28:15","date_gmt":"2025-08-25T23:28:15","guid":{"rendered":"http:\/\/www.kuir.pl\/?page_id=58"},"modified":"2026-01-01T13:41:54","modified_gmt":"2026-01-01T12:41:54","slug":"kontakt-2","status":"publish","type":"page","link":"https:\/\/www.kuir.pl\/?page_id=58","title":{"rendered":"kontakt"},"content":{"rendered":"\n<p class=\"has-text-align-center\">Cenimy tw\u00f3j i nasz czas&#8230;&#8230;&#8230;. <\/p>\n\n\n\n<p class=\"has-text-align-center\"><strong>Spotykamy si\u0119 tylko po wcze\u015bniejszej rezerwacji terminu wizyty.<\/strong><\/p>\n\n\n\n<p class=\"has-text-align-center\"><br>Kancelaria Post\u0119powa\u0144 Upad\u0142o\u015bciowych i Restrukturyzacyjnych<br>Atelier \u017boliborz, ul. Przasnyska 7 lok. 143, 01-756 Warszawa<\/p>\n\n\n\n<p class=\"has-text-align-center\">e-mail: <a href=\"mailto:kancelaria@kuir.pl\">kancelaria@kuir.pl<\/a><br>tel.+48 22\u00a012 11\u00a0148<\/p>\n\n\n\n<p><\/p>\n","protected":false},"excerpt":{"rendered":"<p>Cenimy tw\u00f3j i nasz czas&#8230;&#8230;&#8230;. Spotykamy si\u0119 tylko po wcze\u015bniejszej rezerwacji terminu wizyty. Kancelaria Post\u0119powa\u0144 Upad\u0142o\u015bciowych i RestrukturyzacyjnychAtelier \u017boliborz, ul. Przasnyska 7 lok. 143, 01-756 Warszawa e-mail: kancelaria@kuir.pltel.+48 22\u00a012 11\u00a0148<\/p>\n","protected":false},"author":1,"featured_media":0,"parent":0,"menu_order":0,"comment_status":"closed","ping_status":"closed","template":"","meta":{"footnotes":""},"class_list":["post-58","page","type-page","status-publish"],"_links":{"self":[{"href":"https:\/\/www.kuir.pl\/index.php?rest_route=\/wp\/v2\/pages\/58","targetHints":{"allow":["GET"]}}],"collection":[{"href":"https:\/\/www.kuir.pl\/index.php?rest_route=\/wp\/v2\/pages"}],"about":[{"href":"https:\/\/www.kuir.pl\/index.php?rest_route=\/wp\/v2\/types\/page"}],"author":[{"embeddable":true,"href":"https:\/\/www.kuir.pl\/index.php?rest_route=\/wp\/v2\/users\/1"}],"replies":[{"embeddable":true,"href":"https:\/\/www.kuir.pl\/index.php?rest_route=%2Fwp%2Fv2%2Fcomments&post=58"}],"version-history":[{"count":8,"href":"https:\/\/www.kuir.pl\/index.php?rest_route=\/wp\/v2\/pages\/58\/revisions"}],"predecessor-version":[{"id":332,"href":"https:\/\/www.kuir.pl\/index.php?rest_route=\/wp\/v2\/pages\/58\/revisions\/332"}],"wp:attachment":[{"href":"https:\/\/www.kuir.pl\/index.php?rest_route=%2Fwp%2Fv2%2Fmedia&parent=58"}],"curies":[{"name":"wp","href":"https:\/\/api.w.org\/{rel}","templated":true}]}}