{"id":52,"date":"2025-08-26T01:24:09","date_gmt":"2025-08-25T23:24:09","guid":{"rendered":"http:\/\/www.kuir.pl\/?page_id=52"},"modified":"2026-04-13T10:35:50","modified_gmt":"2026-04-13T08:35:50","slug":"postepowania-upadlosciowe","status":"publish","type":"page","link":"https:\/\/www.kuir.pl\/?page_id=52","title":{"rendered":"post\u0119powania upad\u0142o\u015bciowe"},"content":{"rendered":"\n<p>Upad\u0142o\u015b\u0107 to sytuacja, w kt\u00f3rej osoba fizyczna lub firma nie jest w stanie sp\u0142aci\u0107 swoich d\u0142ug\u00f3w w terminie i w pe\u0142nej wysoko\u015bci. Innymi s\u0142owy, kiedy zobowi\u0105zania finansowe przewy\u017cszaj\u0105 mo\u017cliwo\u015bci sp\u0142aty, a d\u0142u\u017cnik nie ma wystarczaj\u0105cych \u015brodk\u00f3w, aby uregulowa\u0107 swoje d\u0142ugi, mo\u017ce zosta\u0107 og\u0142oszona upad\u0142o\u015b\u0107.<\/p>\n\n\n\n<p>W Polsce upad\u0142o\u015b\u0107 reguluje prawo i ma na celu zar\u00f3wno ochron\u0119 wierzycieli, jak i umo\u017cliwienie d\u0142u\u017cnikowi rozpocz\u0119cia nowego pocz\u0105tku, na przyk\u0142ad poprzez likwidacj\u0119 maj\u0105tku lub restrukturyzacj\u0119 zad\u0142u\u017cenia. To proces, kt\u00f3ry pomaga uporz\u0105dkowa\u0107 sytuacj\u0119 finansow\u0105 i znale\u017a\u0107 rozwi\u0105zanie w trudnych chwilach.<\/p>\n\n\n<h3 class=\"sprawy-lista\"><style>\n    .sprawy-lista{font-size:1rem}<br \/>\n    .sprawy-lista h2{<br \/>\n      margin:0 0 .8em 0;<br \/>\n      font-size:2.2rem;<br \/>\n      line-height:1.1;<br \/>\n      font-weight:700;<br \/>\n      letter-spacing:.01em;<br \/>\n    }<br \/>\n    .sprawy-lista h3{<br \/>\n      margin:2.2em 0 .8em 0;<br \/>\n      font-size:1.6rem;<br \/>\n      line-height:1.15;<br \/>\n      font-weight:700;<br \/>\n    }<br \/>\n    .sprawy-lista .case{<br \/>\n      margin:0 0 1.4em 0;<br \/>\n    }<br \/>\n    .sprawy-lista .sig{<br \/>\n      font-weight:700;<br \/>\n      margin:0 0 .35em 0;<br \/>\n      line-height:1.15;<br \/>\n    }<br \/>\n    .sprawy-lista .title{<br \/>\n      margin:0 0 .25em 0;<br \/>\n      line-height:1.35;<br \/>\n    }<br \/>\n    .sprawy-lista .court{<br \/>\n      margin:0;<br \/>\n      line-height:1.35;<br \/>\n    }<br \/>\n  <\/style><\/h3>\n<h3>\u00a0<\/h3>\n<h3><strong>post\u0119powania upad\u0142o\u015bciowe w toku<\/strong><\/h3>\n<p>&nbsp;<\/p>\n<p><strong>WA2M\/GUp-s\/537\/2026<\/strong>\u00a0Marcin Ga\u0107, (Warszawa), SR dla m.st. Warszawy<\/p>\n<p><strong>WA2M\/GUp-s\/525\/2026<\/strong>\u00a0Justyna Miaskowska, (Warszawa), SR dla m.st. Warszawy<\/p>\n<p><strong>WA2M\/GUp-s\/522\/2026<\/strong>\u00a0Andrzej Lewandowski, (Warszawa), SR dla m.st. Warszawy<\/p>\n<p><strong>WA2M\/GUp-s\/512\/2026<\/strong>\u00a0Bart\u0142omiej Wilczek, (Warszawa), SR dla m.st. Warszawy<\/p>\n<p><strong>WA2M\/GUp-s\/470\/2026<\/strong> Mariusz Wi\u015bniewski, (Warszawa), SR dla m.st. Warszawy<\/p>\n<p><strong>WA2M\/GUp-s\/458\/2026<\/strong> Danuta Hofman, (Warszawa), SR dla m.st. Warszawy<\/p>\n<p><strong>WA2M\/GUp-s\/443\/2026<\/strong> Piotr Panek, (Warszawa), SR dla m.st. Warszawy<\/p>\n<p><strong>WA2M\/GUp-s\/424\/2026<\/strong> Dariusz Szeliga, (Warszawa), SR dla m.st. Warszawy<\/p>\n<p><strong>WA2M\/GUp-s\/417\/2026<\/strong> Grzegorz Pietrasz, (Warszawa), SR dla m.st. Warszawy<\/p>\n<p><strong>WA2M\/GUp-s\/416\/2026<\/strong> Rafa\u0142 Basiewicz, (Warszawa), SR dla m.st. Warszawy<\/p>\n<p><strong>WA2M\/GUp-s\/370\/2026<\/strong> Jacek Gawkowski, (Warszawa), SR dla m.st. Warszawy<\/p>\n<p><strong>WA2M\/GUp-s\/331\/2026<\/strong> Iwona Szewczyk, (Warszawa), SR dla m.st. Warszawy<\/p>\n<p><strong>WA2M\/GUp-s\/281\/2026<\/strong> Dariusz Trojanowski, (Warszawa), SR dla m.st. Warszawy<\/p>\n<p><strong>WA2M\/GUp-s\/275\/2026<\/strong> Cecylia Jaksina, (Warszawa), SR dla m.st. Warszawy<\/p>\n<p><strong>WA2M0\/GUp-s\/257\/2026<\/strong> Dariusz Sus\u0142ow, (Warszawa), SR dla m.st. Warszawy<\/p>\n<p><strong>WA2M\/GUp-s\/212\/2026<\/strong> Bartosz B\u0142a\u017cejczyk, (Warszawa), SR dla m.st. Warszawy<\/p>\n<p><strong>WA2M\/GUp-s\/220\/2026<\/strong> Dariusz Dobrzy\u0144ski, (Warszawa), SR dla m.st. Warszawy<\/p>\n<p><strong>WA2M\/GUp-s\/170\/2026<\/strong> Kornel Nie\u017curawski, (Warszawa), SR dla m.st. Warszawy<\/p>\n<p><strong>WA2M\/GUp-s\/150\/2026<\/strong> Piotr Jurkiewicz, (Warszawa), SR dla m.st. Warszawy<\/p>\n<p><strong>WA2M\/GUp-s\/80\/2026<\/strong> Justyna Duszy\u0144ska, (Warszawa), SR dla m.st. Warszawy<\/p>\n<p><strong>WA2M\/GUp-s\/64\/2026<\/strong> Marcin Niebrzegowski, (Pruszk\u00f3w), SR dla m.st. Warszawy<\/p>\n<p><strong>WA2M\/GUp-s\/1858\/2025 <\/strong>Piotr Bielawski (Warszawa), SR dla m.st. Warszawy<\/p>\n<p><strong>WA2M\/GUp-s\/1801\/2025 <\/strong>Wioletta Kostecka (Warszawa), SR dla m.st. Warszawy<\/p>\n<p><strong>WA2M\/GUp-s\/1768\/2025\u00a0 <\/strong>Damian Bryli\u0144ski\u00a0(Warszawa), SR dla m.st. Warszawy<\/p>\n<p><strong>WA2M\/GUp-s\/1725\/2025\u00a0 <\/strong>Kamil Wo\u017aniak (Warszawa), SR dla m.st. Warszawy<\/p>\n<p><strong>WA2M\/GUp-s\/1571\/2025 <\/strong>Joanna G\u00f3rka\u00a0(Warszawa), SR dla m.st. Warszawy<\/p>\n<p><strong>WA2M\/GUp-s\/1457\/2025 <\/strong>Damian Aleksandrowicz (Warszawa), SR dla m.st. Warszawy<\/p>\n<p><strong>WA2M\/GUp-s\/1456\/2025 <\/strong>Franciszek Bia\u0142czak\u00a0(Warszawa), , SR dla m.st. Warszawy.<\/p>\n<p><strong>WA1M\/GUp\/38\/2025 <\/strong>Foder Bio-Tech sp. z o.o. (Warszawa)<strong>, <\/strong>, SR dla m.st. Warszawy.<\/p>\n<p><strong>WA2M\/GUp-s\/1083\/2025 <\/strong>Pawe\u0142 Baranowski (Warszawa), , SR dla m.st. Warszawy.<\/p>\n<p><strong>WA2M\/GUp-s\/1082\/2025 <\/strong>Piotr Go\u0142\u0105bek (Konstancin-Jeziorna), , SR dla m.st. Warszawy.<\/p>\n<p><strong>WA2M\/GUp-s\/1033\/2025 <\/strong>Renata Kr\u00f3l (Celestyn\u00f3w), , SR dla m.st. Warszawy.<\/p>\n<p><strong>WA2M\/GUp-s\/1016\/2025 <\/strong>Ma\u0142gorzata K\u0142os (Warszawa), , SR dla m.st. Warszawy.<\/p>\n<p><strong>WA2M\/GUp-s\/983\/2025 <\/strong>Paulina Ciukta (Warszawa)<strong>, <\/strong>, SR dla m.st. Warszawy<\/p>\n<p><strong>WA2M\/GUp-s\/816\/2025 <\/strong>Justyna Roma\u0144ska (Warszawa), SR dla m.st. Warszawy<\/p>\n<p><strong>WA2M\/GUp-s\/797\/2025 <\/strong>S\u0142awomir Wronkowski (Warszawa), SR dla m.st. Warszawy<\/p>\n<p><strong>WA2M\/GUp-s\/792\/2025 <\/strong>Karolina Felczak (Warszawa), SR dla m.st. Warszawy<\/p>\n<p><strong>WA2M\/GUp-s\/730\/2025 <\/strong>Agnieszka Mazur-Araszczuk (Warszawa), SR dla m.st. Warszawy<\/p>\n<p><strong>WA2M\/GUp-s\/698\/2025 <\/strong>Bart\u0142omiej Puze\u0142ko (Warszawa), SR dla m.st. Warszawy<\/p>\n<p><strong>WA2M\/GUp-s\/668\/2025 <\/strong>Jolanta Kli\u015b (Kazu\u0144 Nowy), SR dla m.st. Warszawy<\/p>\n<p><strong>WA2M\/GUp-s\/545\/2025 <\/strong>Piotr Ostrowski (Legionowo), SR dla m.st. Warszawy<\/p>\n<p><strong>WA2M\/GUp-s\/438\/2025, <\/strong>Daniel \u015awiderski (Warszawa), SR dla m.st. Warszawy<\/p>\n<p><strong>WA2M\/GUp-s\/725\/2025 <\/strong>Edyta Czyrynda (Warszawa), SR dla m.st. Warszawy<\/p>\n<p><strong>WA2M\/GUp-s\/16\/2025 <\/strong>Rafa\u0142 G\u0105g\u00f3r (Warszawa), SR dla m.st. Warszawy<\/p>\n<p><strong>WA2M\/GUp-s\/2006\/2024 <\/strong>Krzysztof Powolny (Nowy Dw\u00f3r Mazowiecki), SR dla m.st. Warszawy<\/p>\n<p><strong>WA2M\/GUp-s\/2007\/2024 <\/strong>Sylwia Seku\u0142a (\u0141ug\u00f3wka), SR dla m.st. Warszawy<\/p>\n<p><strong>WA2M\/GUp\/5\/2023 <\/strong>Jolanta Pawe\u0142kiewicz (Warszawa), SR dla m.st. Warszawy<\/p>\n<p><strong>WA1M\/GUp\/74\/2023 <\/strong>Per\u0142owa &#8211; &#8222;Sedno &#8211; Dom&#8221; Sp. z o.o. Sp.k. (Piaseczno), SR dla m.st. Warszawy<\/p>\n<div>\u00a0<\/div>\n<div>\u00a0<\/div>\n<h3>\u00a0<\/h3>\n<h3 class=\"case\"><strong>post\u0119powania upad\u0142o\u015bciowe zako\u0144czone<\/strong><\/h3>\n<p>&nbsp;<\/p>\n<p><strong>WA2M\/GUp-s\/299\/2024 <\/strong>Grzegorz Monart (Piaseczno), SR dla m.st. Warszawy<\/p>\n<p><strong>WA2M\/GUp-s\/1713\/2025 <\/strong>Artur Paczuski\u00a0(Warszawa), SR dla m.st. Warszawy<\/p>\n<p><strong>WA2M\/GUp-s\/788\/2025 <\/strong>Jakub Chrostek (Serock), SR dla m.st. Warszawy<\/p>\n<p><strong>WA2M\/GUp-s\/2005\/2024 <\/strong>Ewa Ko\u0142odziejczyk (Podolszyn Nowy), SR dla m.st. Warszawy<\/p>\n<p><strong>WA2M\/GUp-s\/1105\/2024 <\/strong>Pawe\u0142 Wasil (Warszawa), SR dla m.st. Warszawy<\/p>\n<p><strong>WA2M\/GUp-s\/162\/2025 <\/strong>Krzysztof Kraso\u0144 (K\u0105ty), SR dla m.st. Warszawy<\/p>\n<p><strong>WA2M\/GUp-s\/804\/2025 <\/strong>Jakub Budzy\u0144ski (Warszawa), SR dla m.st. Warszawy<\/p>\n<p><strong>WA2M\/GUp-s\/724\/2025 <\/strong>Ewa Gaudziak (Warszawa) , SR dla m.st. Warszawy<\/p>\n<p><strong>WA2M\/GUp-s\/57\/2024 <\/strong>Krzysztof Kurek (Kalisz), SR dla m.st. Warszawy<\/p>\n<p><strong>WA2M\/GUp-s\/804\/2025 <\/strong>Jakub Budzy\u0144ski (Warszawa), SR dla m.st. Warszawy<\/p>\n<div class=\"case\">\n<p><strong>WA2M\/GUp-s\/647\/2024 <\/strong>Tomasz \u017by\u0142owski (Rembelszczyzna), SR dla m.st. Warszawy<\/p>\n<p><strong>WA2M\/GUp-s\/349\/2024 <\/strong>Piotr Koz\u0142owski (Legionowo), SR dla m.st. Warszawy<\/p>\n<p><strong>WA2M\/GUp-s\/347\/2025 <\/strong>Anna Obr\u0119bska (Warszawa), SR dla m.st. Warszawy<\/p>\n<p><strong>WA2M\/GUp-s\/699\/2025 <\/strong>Pawe\u0142 Szyma\u0144ski (Warszawa), SR dla m.st. Warszawy<\/p>\n<p><strong>WA1M\/GUp\/30\/2025 <\/strong>RNG Properties Sp. z o.o. (Wolica), SR dla m.st. Warszawy<\/p>\n<p><strong>WA2M\/GUp-s\/385\/2025 <\/strong>Waldemar Orzeszak (Warszawa), SR dla m.st. Warszawy<\/p>\n<p><strong>WA1M\/GU\/439\/2024 <\/strong>S.H. Collection Sp. z o.o. (Warszawa), SR dla m.st. Warszawy<\/p>\n<p><strong>\u00a0<\/strong><strong>WA1M\/GU\/480\/2024 <\/strong>Solarius Development sp. z o.o. (Warszawa), SR dla m.st. Warszawy<\/p>\n<p><strong>WA2M\/GUp-s\/1515\/2024 <\/strong>Krzysztof Niemyjski (Wo\u0142omin), SR dla m.st. Warszawy<\/p>\n<p><strong>WA2M\/GUp-s\/1491\/2024<\/strong> Robert Juszczy\u0144ski (Warszawa), SR dla m.st. Warszawy<\/p>\n<p><strong>WA2M\/GUp-s\/1503\/2024<\/strong> Ilona Dombrowicka (Warszawa), SR dla m.st. Warszawy<\/p>\n<p><strong>WA2M\/GU\/1847\/2023<\/strong> Ewa Grabowska (Warszawa), SR dla m.st. Warszawy<\/p>\n<p><strong>WA1M\/GU\/498\/2023 <\/strong>Hallim Precision Poland Sp. z o.o. (Warszawa), SR dla m.st. Warszawy<\/p>\n<p><strong>WA2M\/GUp-s\/866\/2024 <\/strong>Arkadiusz Discher (Dziechciniec), SR dla m.st. Warszawy<\/p>\n<p><strong>WA2M\/GUp-s\/679\/2024<\/strong> Maciej Pi\u0105tkowski (Warszawa), SR dla m.st. Warszawy<\/p>\n<p><strong>WA2M\/GUp-s\/357\/2024<\/strong> Aneta Paj\u0105k (Legionowo), SR dla m.st. Warszawy<\/p>\n<p><strong>WA2M\/GUp-s\/1373\/2023<\/strong> Andrzej Winiarski (Warszawa), SR dla m.st. Warszawy<\/p>\n<p><strong>WA2M\/GUp-s\/1113\/2023<\/strong> \u00a0Ewa Dobrza\u0144ska (Otwock), SR dla m.st. Warszawy<\/p>\n<p><strong>WA2M\/GUp-s\/1109\/2023<\/strong> Mariusz Deptu\u0142a (Pruszk\u00f3w), SR dla m.st. Warszawy<\/p>\n<p><strong>WA2M\/GUp-s\/1027\/2023<\/strong> Joanna Grafa (Warszawa), SR dla m.st. Warszawy<\/p>\n<p><strong>WA2M\/GUp-s\/989\/2023 <\/strong>Emil Rojek (Wi\u0105zowna), SR dla m.st. Warszawy<\/p>\n<p><strong>WA2M\/GUp-s\/916\/2023 <\/strong>Ma\u0142gorzata Krzoska (Warszawa), SR dla m.st. Warszawy<\/p>\n<p><strong>WA2M\/GUp-s\/367\/2023 <\/strong>Anna \u015awiercz (Nowy Dw\u00f3r Mazowiecki), SR dla m.st. Warszawy<\/p>\n<p><strong>WA2M\/GUp-s\/271\/2023 <\/strong>Bart\u0142omiej Rajkowski (Warszawa), SR dla m.st. Warszawy<\/p>\n<p><strong>WA2M\/GUp-s\/544\/2022<\/strong> Krzysztof Wojtaszewski (Warszawa), SR dla m.st. Warszawy<\/p>\n<p><strong>XIX GUp 3\/22<\/strong> Rozkosz Jerzy (J\u00f3zef\u00f3w), SR dla m.st. Warszawy<\/p>\n<p><strong>XVIII GU 388\/21 <\/strong>\u0141adny Dach Sp. z o.o. (Warszawa), SR dla m.st. Warszawy<\/p>\n<p><strong>XVIII GU 408\/21 <\/strong>NEH Sp. z o.o. Nowa Epoka Handlu Sp. K. (Warszawa), SR dla m.st. Warszawy<\/p>\n<p><strong>XVIII GUp 105\/21<\/strong> RG East Sp. z o.o. (Warszawa), SR dla m.st. Warszawy<\/p>\n<p><strong>XVIII GUp 31\/21<\/strong> Horizon Medical Center Sp. z o.o. (Warszawa), SR dla m.st. Warszawy<\/p>\n<p><strong>XIX GUp 1648\/20<\/strong> Koz\u0142owska Gra\u017cyna (Warszawa), SR dla m.st. Warszawy<\/p>\n<p>X<strong>VIII GUp 225\/20<\/strong> Home Broker S.A. (Warszawa), SR dla m.st. Warszawy<\/p>\n<p><strong>XVIII GUp 98\/20<\/strong> PDRiPE Sp. z o.o. (Warszawa), SR dla m.st. Warszawy<\/p>\n<p><strong>XIX GUp 71\/20<\/strong> Danis Krzysztof (Warszawa), SR dla m.st. Warszawy<\/p>\n<p><strong>XIX GUp 70\/20<\/strong> Danis Marzena (Warszawa), SR dla m.st. Warszawy<\/p>\n<p><strong>XIX GUp 14\/20<\/strong> Armet Sp. z o.o. (Warszawa), SR dla m.st. Warszawy<\/p>\n<p><strong>XIX GUp 1335\/19<\/strong> Szponar Ryszard (Warszawa), SR dla m.st. Warszawy<\/p>\n<p><strong>XIX GUp 1241\/19<\/strong> Delta Sp. z o.o. (Warszawa), SR dla m.st. Warszawy<\/p>\n<p><strong>XIX GUp 1231\/19<\/strong> \u00a0Ho\u0142dy\u0144ska Anna (Jeziorany) , SR dla m.st. Warszawy<\/p>\n<p><strong>XIX GUp 1130\/19<\/strong> Cichmi\u0144ski Artur (Warszawa), SR dla m.st. Warszawy<\/p>\n<p><strong>XIX GUp 1124\/19<\/strong> Patro\u0144ska Beata (Warszawa), SR dla m.st. Warszawy<\/p>\n<p><strong>XIX GUp 1092\/19<\/strong> Bednarczyk Monika (Warszawa), SR dla m.st. Warszawy<\/p>\n<p><strong>X GUp 401\/19, V GUp 61\/19<\/strong> Deru\u015b Gra\u017cyna (Warszawa), SR w Elbl\u0105gu<\/p>\n<p><strong>X GUp 171\/19, XIX GUp 886\/19<\/strong> A.S. Moda Sp. z o.o. (Warszawa), SR dla m.st. Warszawy<\/p>\n<p><strong>X GUp 956\/18, XVIII GUp 156\/20<\/strong> Traspol Sp. z o.o. (Warszawa), SR dla m.st. Warszawy<\/p>\n<p><strong>X GUp 611\/18<\/strong> Pol-An Sp. z o.o. (Skubianka), SR dla m.st. Warszawy<\/p>\n<p><strong>X GUp 741\/16, XIX GUp 132\/19<\/strong> Rutkowska Monika (Warszawa), SR dla m.st. Warszawy<\/p>\n<p><strong>X GUp 722\/16<\/strong> Varitx Sp. z o.o. (Warszawa), SR dla m.st. Warszawy<\/p>\n<p><strong>X GUp 593\/16<\/strong> Markowska Barbara (Nowy Dw\u00f3r Mazowiecki), SR dla m.st. Warszawy<\/p>\n<p><strong>X GUp 476\/16<\/strong> Le\u015bniak-Paduch Dariusz (Legionowo), SR dla m.st. Warszawy<\/p>\n<p><strong>X GUp 470\/16, XIX GUp 104\/19<\/strong> Rutkowski Maciej (Warszawa), SR dla m.st. Warszawy<\/p>\n<p><strong>X GUp 439\/16<\/strong> Platta Cezariusz dawniej Paw\u0142owski (Warszawa), SR dla m.st. Warszawy<\/p>\n<p><strong>X GUp 394\/16 <\/strong>Markowski Eugeniusz (Nowy Dw\u00f3r Mazowiecki), SR dla m.st. Warszawy<\/p>\n<p><strong>X GUp 213\/16<\/strong> Auto Kazmark Sp. z o.o. (Warszawa), SR dla m.st. Warszawy<\/p>\n<p><strong>X GUp 179\/16<\/strong> AD &amp; VISION CAFE Mariusz Czykier (Warszawa), SR dla m.st. Warszawy<\/p>\n<p><strong>X GUp 178\/16<\/strong> IncreMental Consulting Monika Chajdacka (Warszawa), SR dla m.st. Warszawy<\/p>\n<p><strong>X GUp 153\/16<\/strong> St\u0119pi\u0144ski Jan (Piaseczno), SR dla m.st. Warszawy<\/p>\n<p><strong>X GUp 109\/16<\/strong> \u0141uniewska Magdalena (Warszawa), SR dla m.st. Warszawy<\/p>\n<p><strong>X GUp 640\/15<\/strong> Turowska Anna (Legionowo), SR dla m.st. Warszawy<\/p>\n<p><strong>X GUp 590\/15<\/strong> Lipniak Wojciech (Warszawa), SR dla m.st. Warszawy<\/p>\n<p><strong>X GUp 486\/15<\/strong> Pusz-Boche\u0144ska Karolina Halina (Warszawa), SR dla m.st. Warszawy<\/p>\n<p><strong>X GUp 480\/15<\/strong> Polital Sp. z o.o. (Warszawa), SR dla m.st. Warszawy<\/p>\n<p><strong>X GUp 390\/15<\/strong> Bron Miros\u0142aw (Warszawa), SR dla m.st. Warszawy<\/p>\n<p><strong>X GUp 278\/15<\/strong> \u0141uniewski Piotr (Warszawa), SR dla m.st. Warszawy<\/p>\n<p><strong>X GUp 245\/15<\/strong> Bron Marcin (Warszawa), SR dla m.st. Warszawy<\/p>\n<p><strong>X GUp 161\/15<\/strong> \u00a0Lloyd Financial Sp. z o.o. (Warszawa), SR dla m.st. Warszawy<\/p>\n<p><strong>X GUp 37\/14<\/strong> Przedsi\u0119biorstwo Budownictwa In\u017cynieryjnego Maxon Sp. z o.o. (Warszawa), SR dla m.st. Warszawy<\/p>\n<p><strong>X GUp 46\/13<\/strong> Kompleksowa Realizacja Inwestycji Budowlanych Sp. z o.o. (Warszawa), SR dla m.st. Warszawy<\/p>\n<p><strong>\u00a0<\/strong><strong>X GUp 94\/12<\/strong> Sybil Development Sp. z o.o. (Wolica), SR dla m.st. Warszawy<\/p>\n<p><strong>X GUp 5\/11<\/strong> Hotel System Sobieskiego Sp. z o.o. (Krak\u00f3w), SR dla m.st. Warszawy<\/p>\n<p><strong>X GUp 3\/15 <\/strong>WZPN STOCHEM (Warszawa), SR dla m.st. Warszawy<\/p>\n<\/div>\n\n\n<p><\/p>\n\n\n\n<p><\/p>\n","protected":false},"excerpt":{"rendered":"<p>Upad\u0142o\u015b\u0107 to sytuacja, w kt\u00f3rej osoba fizyczna lub firma nie jest w stanie sp\u0142aci\u0107 swoich d\u0142ug\u00f3w w terminie i w pe\u0142nej wysoko\u015bci. Innymi s\u0142owy, kiedy zobowi\u0105zania finansowe przewy\u017cszaj\u0105 mo\u017cliwo\u015bci sp\u0142aty, a d\u0142u\u017cnik nie ma wystarczaj\u0105cych \u015brodk\u00f3w, aby uregulowa\u0107 swoje d\u0142ugi, mo\u017ce zosta\u0107 og\u0142oszona upad\u0142o\u015b\u0107. W Polsce upad\u0142o\u015b\u0107 reguluje prawo i ma na celu zar\u00f3wno ochron\u0119 &#8230; <a title=\"post\u0119powania upad\u0142o\u015bciowe\" class=\"read-more\" href=\"https:\/\/www.kuir.pl\/?page_id=52\" aria-label=\"Dowiedz si\u0119 wi\u0119cej o post\u0119powania upad\u0142o\u015bciowe\">Dowiedz si\u0119 wi\u0119cej<\/a><\/p>\n","protected":false},"author":1,"featured_media":0,"parent":0,"menu_order":0,"comment_status":"closed","ping_status":"closed","template":"","meta":{"footnotes":""},"class_list":["post-52","page","type-page","status-publish"],"_links":{"self":[{"href":"https:\/\/www.kuir.pl\/index.php?rest_route=\/wp\/v2\/pages\/52","targetHints":{"allow":["GET"]}}],"collection":[{"href":"https:\/\/www.kuir.pl\/index.php?rest_route=\/wp\/v2\/pages"}],"about":[{"href":"https:\/\/www.kuir.pl\/index.php?rest_route=\/wp\/v2\/types\/page"}],"author":[{"embeddable":true,"href":"https:\/\/www.kuir.pl\/index.php?rest_route=\/wp\/v2\/users\/1"}],"replies":[{"embeddable":true,"href":"https:\/\/www.kuir.pl\/index.php?rest_route=%2Fwp%2Fv2%2Fcomments&post=52"}],"version-history":[{"count":35,"href":"https:\/\/www.kuir.pl\/index.php?rest_route=\/wp\/v2\/pages\/52\/revisions"}],"predecessor-version":[{"id":458,"href":"https:\/\/www.kuir.pl\/index.php?rest_route=\/wp\/v2\/pages\/52\/revisions\/458"}],"wp:attachment":[{"href":"https:\/\/www.kuir.pl\/index.php?rest_route=%2Fwp%2Fv2%2Fmedia&parent=52"}],"curies":[{"name":"wp","href":"https:\/\/api.w.org\/{rel}","templated":true}]}}