{"id":326,"date":"2025-11-11T10:51:09","date_gmt":"2025-11-11T09:51:09","guid":{"rendered":"https:\/\/www.kuir.pl\/?page_id=326"},"modified":"2026-03-26T14:44:06","modified_gmt":"2026-03-26T13:44:06","slug":"przedsiebiorstwa","status":"publish","type":"page","link":"https:\/\/www.kuir.pl\/?page_id=326","title":{"rendered":"przedsi\u0119biorstwa"},"content":{"rendered":"\n<p><\/p>\n\n\n\n<p>Syndyk masy upad\u0142o\u015bci <strong>Foder Bio Tech sp. z o.o.<\/strong> z siedzib\u0105 w Warszawie zaprasza zainteresowanych <strong>do sk\u0142adania propozycji zawarcia umowy dzier\u017cawy zorganizowanej cz\u0119\u015bci przedsi\u0119biorstwa w post\u0119powaniu upad\u0142o\u015bciowym<\/strong>:<\/p>\n\n\n\n<ol class=\"wp-block-list\">\n<li>nieruchomo\u015bci gruntowej, sk\u0142adaj\u0105cej si\u0119 z dzia\u0142ki ewidencyjnej nr 90\/7 o powierzchni 6.326 m\u00b2 zabudowanej budynkami o charakterze biurowo-produkcyjnym i magazynowym o \u0142\u0105cznej powierzchni u\u017cytkowej 1.445,25 m\u00b2<\/li>\n\n\n\n<li> nieruchomo\u015bci gruntowej, sk\u0142adaj\u0105cej si\u0119 z dzia\u0142ki ewidencyjnej nr 90\/11 o powierzchni 5.117 m\u00b2 zabudowanej budynkiem o charakterze produkcyjno-magazynowym o powierzchni u\u017cytkowej 859,12 m\u00b2<\/li>\n\n\n\n<li>udzia\u0142u 6\/10 cz\u0119\u015bci w prawie u\u017cytkowania wieczystego niezabudowanej nieruchomo\u015bci gruntowej, sk\u0142adaj\u0105cej si\u0119 z dzia\u0142ki oznaczonej nr ewidencyjnym 90\/6 o powierzchni 1.689 m\u00b2 (droga dojazdowa).<\/li>\n<\/ol>\n\n\n\n<p>Ponadto dzier\u017cawie podlega\u0142yby znajduj\u0105ce si\u0119 w budynkach ruchomo\u015bci &#8211; w szczeg\u00f3lno\u015bci urz\u0105dzenia do produkcji komponent\u00f3w do pasz z ziaren uprawianych konwencjonalnie oraz z certyfikowanych ziaren BIO oraz linie do t\u0142oczenia.<\/p>\n\n\n\n<p>Zorganizowana cze\u015b\u0107 przedsi\u0119biorstwa zlokalizowana jest w D\u0119bowej G\u00f3rze, gm. Skierniewicki, woj. \u0141\u00f3dzkie.<\/p>\n\n\n\n<p><br>Propozycja powinna zawiera\u0107:<\/p>\n\n\n\n<ol class=\"wp-block-list\">\n<li>dane sk\u0142adaj\u0105cego propozycj\u0119,<\/li>\n\n\n\n<li>proponowane warunki dzier\u017cawy w szczeg\u00f3lno\u015bci:<\/li>\n\n\n\n<li>proponowan\u0105 kwot\u0119 czynszu dzier\u017cawnego wyra\u017con\u0105 liczbowo i s\u0142ownie,<\/li>\n\n\n\n<li>proponowany okres dzier\u017cawy,<\/li>\n\n\n\n<li>o\u015bwiadczenie czy sk\u0142adaj\u0105cy propozycje jest zainteresowany dzier\u017caw\u0105 z prawem pierwokupu,<\/li>\n\n\n\n<li>proponowany moment rozpocz\u0119cia dzier\u017cawy,<\/li>\n\n\n\n<li>propozycja powinna by\u0107 opatrzona podpisem osoby umocowanej do reprezentacji sk\u0142adaj\u0105cego propozycj\u0119.<\/li>\n<\/ol>\n\n\n\n<p><br>Propozycje nale\u017cy sk\u0142ada\u0107 syndykowi pisemnie na adres kancelarii syndyka Foder Bio Tech sp. z o.o. tj. Kancelaria Post\u0119powa\u0144 Upad\u0142o\u015bciowych i Restrukturyzacyjnych<br>Atelier \u017boliborz, ul. Przasnyska 7 lok. 143, 01-756 Warszawa<\/p>\n\n\n\n<p>Termin sk\u0142adania propozycji 30 kwietnia 2026 r. do godz. 16:00.<br>W oparciu o przed\u0142o\u017cone propozycje syndyk mo\u017ce przeprowadzi\u0107 dalsze negocjacje i zawrze\u0107 umow\u0119 dzier\u017cawy na najkorzystniejszych zaproponowanych warunkach. Zastrzega si\u0119, \u017ce zawarcie umowy dzier\u017cawy jest uzale\u017cnione od zgody S\u0119dziego- komisarza.<br>Operaty szacunkowe maj\u0105tku nieruchomego wchodz\u0105cego w sk\u0142ad masy upad\u0142o\u015bci s\u0105 dost\u0119pne na stronie internetowej.<\/p>\n\n\n\n<p>Akces do ogl\u0119dzin przedsi\u0119biorstwa nale\u017cy sk\u0142ada\u0107 syndykowi e-mailowo: kancelaria@ kiur.pl<\/p>\n\n\n\n<p><\/p>\n","protected":false},"excerpt":{"rendered":"<p>Syndyk masy upad\u0142o\u015bci Foder Bio Tech sp. z o.o. z siedzib\u0105 w Warszawie zaprasza zainteresowanych do sk\u0142adania propozycji zawarcia umowy dzier\u017cawy zorganizowanej cz\u0119\u015bci przedsi\u0119biorstwa w post\u0119powaniu upad\u0142o\u015bciowym: Ponadto dzier\u017cawie podlega\u0142yby znajduj\u0105ce si\u0119 w budynkach ruchomo\u015bci &#8211; w szczeg\u00f3lno\u015bci urz\u0105dzenia do produkcji komponent\u00f3w do pasz z ziaren uprawianych konwencjonalnie oraz z certyfikowanych ziaren BIO oraz linie &#8230; <a title=\"przedsi\u0119biorstwa\" class=\"read-more\" href=\"https:\/\/www.kuir.pl\/?page_id=326\" aria-label=\"Dowiedz si\u0119 wi\u0119cej o przedsi\u0119biorstwa\">Dowiedz si\u0119 wi\u0119cej<\/a><\/p>\n","protected":false},"author":1,"featured_media":0,"parent":0,"menu_order":0,"comment_status":"closed","ping_status":"closed","template":"","meta":{"footnotes":""},"class_list":["post-326","page","type-page","status-publish"],"_links":{"self":[{"href":"https:\/\/www.kuir.pl\/index.php?rest_route=\/wp\/v2\/pages\/326","targetHints":{"allow":["GET"]}}],"collection":[{"href":"https:\/\/www.kuir.pl\/index.php?rest_route=\/wp\/v2\/pages"}],"about":[{"href":"https:\/\/www.kuir.pl\/index.php?rest_route=\/wp\/v2\/types\/page"}],"author":[{"embeddable":true,"href":"https:\/\/www.kuir.pl\/index.php?rest_route=\/wp\/v2\/users\/1"}],"replies":[{"embeddable":true,"href":"https:\/\/www.kuir.pl\/index.php?rest_route=%2Fwp%2Fv2%2Fcomments&post=326"}],"version-history":[{"count":3,"href":"https:\/\/www.kuir.pl\/index.php?rest_route=\/wp\/v2\/pages\/326\/revisions"}],"predecessor-version":[{"id":456,"href":"https:\/\/www.kuir.pl\/index.php?rest_route=\/wp\/v2\/pages\/326\/revisions\/456"}],"wp:attachment":[{"href":"https:\/\/www.kuir.pl\/index.php?rest_route=%2Fwp%2Fv2%2Fmedia&parent=326"}],"curies":[{"name":"wp","href":"https:\/\/api.w.org\/{rel}","templated":true}]}}