{"id":289,"date":"2025-10-06T17:41:10","date_gmt":"2025-10-06T15:41:10","guid":{"rendered":"https:\/\/www.kuir.pl\/?page_id=289"},"modified":"2026-04-15T08:16:33","modified_gmt":"2026-04-15T06:16:33","slug":"udzialy-akcje","status":"publish","type":"page","link":"https:\/\/www.kuir.pl\/?page_id=289","title":{"rendered":"udzia\u0142y \/ akcje"},"content":{"rendered":"\n<p class=\"has-text-align-center\"><\/p>\n\n\n\n<pre class=\"wp-block-preformatted\"><strong>25.05.2026 - godzina 08:00<\/strong><\/pre>\n\n\n\n<p class=\"has-text-align-left\"><strong>Syndyk masy upad\u0142o\u015bci Bart\u0142omieja Puze\u0142ko &#8211; og\u0142asza przetarg na nabycie<\/strong> 100 (sto) udzia\u0142\u00f3w, stanowi\u0105cych 100 % kapita\u0142u zak\u0142adowego sp\u00f3\u0142ki OKIM-TECH sp. z o.o. z siedzib\u0105 w Micha\u0142owicach, wpisanej do rejestru przedsi\u0119biorc\u00f3w prowadzonego przez S\u0105d Rejonowy dla m.st. Warszawy w Warszawie, XIV Wydzia\u0142 Gospodarczy Krajowego Rejestru S\u0105dowego, pod numerem KRS 0000656675<\/p>\n\n\n\n<p><a href=\"https:\/\/www.kuir.pl\/wp-content\/uploads\/2026\/04\/B.Puzelko-Regulamin-i-warunki-trzeciego-przetargu-25052026.pdf\">Regulamin przetargu<\/a><\/p>\n\n\n\n<p><a href=\"https:\/\/www.kuir.pl\/wp-content\/uploads\/2025\/11\/OKIM-Tech-sp.-z-o.o.-oszacowanie-wartosci-udzialow.pdf\">Operat szacunkowy<\/a><\/p>\n\n\n\n<p><\/p>\n","protected":false},"excerpt":{"rendered":"<p>25.05.2026 &#8211; godzina 08:00 Syndyk masy upad\u0142o\u015bci Bart\u0142omieja Puze\u0142ko &#8211; og\u0142asza przetarg na nabycie 100 (sto) udzia\u0142\u00f3w, stanowi\u0105cych 100 % kapita\u0142u zak\u0142adowego sp\u00f3\u0142ki OKIM-TECH sp. z o.o. z siedzib\u0105 w Micha\u0142owicach, wpisanej do rejestru przedsi\u0119biorc\u00f3w prowadzonego przez S\u0105d Rejonowy dla m.st. Warszawy w Warszawie, XIV Wydzia\u0142 Gospodarczy Krajowego Rejestru S\u0105dowego, pod numerem KRS 0000656675 Regulamin &#8230; <a title=\"udzia\u0142y \/ akcje\" class=\"read-more\" href=\"https:\/\/www.kuir.pl\/?page_id=289\" aria-label=\"Dowiedz si\u0119 wi\u0119cej o udzia\u0142y \/ akcje\">Dowiedz si\u0119 wi\u0119cej<\/a><\/p>\n","protected":false},"author":1,"featured_media":0,"parent":0,"menu_order":0,"comment_status":"closed","ping_status":"closed","template":"","meta":{"footnotes":""},"class_list":["post-289","page","type-page","status-publish"],"_links":{"self":[{"href":"https:\/\/www.kuir.pl\/index.php?rest_route=\/wp\/v2\/pages\/289","targetHints":{"allow":["GET"]}}],"collection":[{"href":"https:\/\/www.kuir.pl\/index.php?rest_route=\/wp\/v2\/pages"}],"about":[{"href":"https:\/\/www.kuir.pl\/index.php?rest_route=\/wp\/v2\/types\/page"}],"author":[{"embeddable":true,"href":"https:\/\/www.kuir.pl\/index.php?rest_route=\/wp\/v2\/users\/1"}],"replies":[{"embeddable":true,"href":"https:\/\/www.kuir.pl\/index.php?rest_route=%2Fwp%2Fv2%2Fcomments&post=289"}],"version-history":[{"count":32,"href":"https:\/\/www.kuir.pl\/index.php?rest_route=\/wp\/v2\/pages\/289\/revisions"}],"predecessor-version":[{"id":502,"href":"https:\/\/www.kuir.pl\/index.php?rest_route=\/wp\/v2\/pages\/289\/revisions\/502"}],"wp:attachment":[{"href":"https:\/\/www.kuir.pl\/index.php?rest_route=%2Fwp%2Fv2%2Fmedia&parent=289"}],"curies":[{"name":"wp","href":"https:\/\/api.w.org\/{rel}","templated":true}]}}